{"id":12,"date":"2021-05-20T10:59:42","date_gmt":"2021-05-20T07:59:42","guid":{"rendered":"https:\/\/www.tomilassi.fi\/?page_id=12"},"modified":"2025-03-25T13:34:42","modified_gmt":"2025-03-25T11:34:42","slug":"tomi-lassi","status":"publish","type":"page","link":"https:\/\/www.tomilassi.fi\/","title":{"rendered":"Tomi Lassi"},"content":{"rendered":"\n<figure class=\"wp-block-image\"><img loading=\"lazy\" decoding=\"async\" width=\"1320\" height=\"1349\" src=\"https:\/\/www.tomilassi.fi\/wp-content\/uploads\/2025\/02\/tomi_03_rinta.png\" alt=\"\" class=\"wp-image-50\" srcset=\"https:\/\/www.tomilassi.fi\/wp-content\/uploads\/2025\/02\/tomi_03_rinta.png 1320w, https:\/\/www.tomilassi.fi\/wp-content\/uploads\/2025\/02\/tomi_03_rinta-294x300.png 294w, https:\/\/www.tomilassi.fi\/wp-content\/uploads\/2025\/02\/tomi_03_rinta-1002x1024.png 1002w, https:\/\/www.tomilassi.fi\/wp-content\/uploads\/2025\/02\/tomi_03_rinta-768x785.png 768w\" sizes=\"auto, (max-width: 1320px) 100vw, 1320px\" \/><\/figure>\n\n\n\n<p><\/p>\n\n\n<h3>Muusikko, fasilitaattori, asiakaspalvelija, kulttuurin sekaty\u00f6l\u00e4inen, poliitikko&#8230;<\/h3>\n<p>T\u00e4m\u00e4 sivustoni on viel\u00e4 aivan tynk\u00e4. Enemm\u00e4n tietoja minusta ja ajatuksistani l\u00f6ytyy <a href=\"https:\/\/www.facebook.com\/tomilassi.porvoolainen\">Facebook<\/a>ista (poliitikkosivu) sek\u00e4 <a href=\"https:\/\/fi.linkedin.com\/in\/tomi-lassi\">LinkedIn<\/a>:st\u00e4 (ammatilliset asiat, englanniksi).<\/p>\n<p>Mieluusti saa laittaa my\u00f6s s\u00e4hk\u00f6postia <a href=\"mailto: tomi.lassi@vihreat.fi\">tomi.lassi-at-vihreat.fi<\/a>!<\/p>\n\n\n<blockquote class=\"wp-block-quote is-layout-flow wp-block-quote-is-layout-flow\">\n<p>Rintamamiestaloon muuttaminen on opettanut minut siet\u00e4m\u00e4\u00e4n paremmin keskener\u00e4isyytt\u00e4 ja ep\u00e4t\u00e4ydellisyytt\u00e4.&#8221;<\/p>\n<\/blockquote>\n\n\n\n<p><\/p>\n","protected":false},"excerpt":{"rendered":"<p>Muusikko, fasilitaattori, asiakaspalvelija, kulttuurin sekaty\u00f6l\u00e4inen, poliitikko&#8230; T\u00e4m\u00e4 sivustoni on viel\u00e4 aivan tynk\u00e4. Enemm\u00e4n tietoja minusta ja ajatuksistani l\u00f6ytyy Facebookista (poliitikkosivu) sek\u00e4 LinkedIn:st\u00e4 (ammatilliset asiat, englanniksi). Mieluusti saa laittaa my\u00f6s s\u00e4hk\u00f6postia tomi.lassi-at-vihreat.fi! Rintamamiestaloon muuttaminen on opettanut minut siet\u00e4m\u00e4\u00e4n paremmin keskener\u00e4isyytt\u00e4 ja ep\u00e4t\u00e4ydellisyytt\u00e4.&#8221;<\/p>\n","protected":false},"author":1,"featured_media":0,"parent":0,"menu_order":-1,"comment_status":"closed","ping_status":"closed","template":"","meta":{"footnotes":""},"class_list":["post-12","page","type-page","status-publish","hentry","entry"],"_links":{"self":[{"href":"https:\/\/www.tomilassi.fi\/index.php?rest_route=\/wp\/v2\/pages\/12","targetHints":{"allow":["GET"]}}],"collection":[{"href":"https:\/\/www.tomilassi.fi\/index.php?rest_route=\/wp\/v2\/pages"}],"about":[{"href":"https:\/\/www.tomilassi.fi\/index.php?rest_route=\/wp\/v2\/types\/page"}],"author":[{"embeddable":true,"href":"https:\/\/www.tomilassi.fi\/index.php?rest_route=\/wp\/v2\/users\/1"}],"replies":[{"embeddable":true,"href":"https:\/\/www.tomilassi.fi\/index.php?rest_route=%2Fwp%2Fv2%2Fcomments&post=12"}],"version-history":[{"count":9,"href":"https:\/\/www.tomilassi.fi\/index.php?rest_route=\/wp\/v2\/pages\/12\/revisions"}],"predecessor-version":[{"id":52,"href":"https:\/\/www.tomilassi.fi\/index.php?rest_route=\/wp\/v2\/pages\/12\/revisions\/52"}],"wp:attachment":[{"href":"https:\/\/www.tomilassi.fi\/index.php?rest_route=%2Fwp%2Fv2%2Fmedia&parent=12"}],"curies":[{"name":"wp","href":"https:\/\/api.w.org\/{rel}","templated":true}]}}